{"id":1381,"date":"2023-06-27T13:57:22","date_gmt":"2023-06-27T11:57:22","guid":{"rendered":"https:\/\/decopierre-ile-de-france.com\/?page_id=1381"},"modified":"2023-09-04T18:55:09","modified_gmt":"2023-09-04T16:55:09","slug":"politique-de-confidentialite","status":"publish","type":"page","link":"https:\/\/decopierre-ile-de-france.com\/index.php\/politique-de-confidentialite\/","title":{"rendered":"Politique de confidentialit\u00e9"},"content":{"rendered":"\t\t<div data-elementor-type=\"wp-page\" data-elementor-id=\"1381\" class=\"elementor elementor-1381\" data-elementor-post-type=\"page\">\n\t\t\t\t\t\t<section class=\"elementor-section elementor-top-section elementor-element elementor-element-2a455c4 elementor-section-boxed elementor-section-height-default elementor-section-height-default\" data-id=\"2a455c4\" data-element_type=\"section\" data-settings=\"{&quot;background_background&quot;:&quot;classic&quot;}\">\n\t\t\t\t\t\t\t<div class=\"elementor-background-overlay\"><\/div>\n\t\t\t\t\t\t\t<div class=\"elementor-container elementor-column-gap-no\">\n\t\t\t\t\t<div class=\"elementor-column elementor-col-100 elementor-top-column elementor-element elementor-element-c8c40aa\" data-id=\"c8c40aa\" data-element_type=\"column\">\n\t\t\t<div class=\"elementor-widget-wrap elementor-element-populated\">\n\t\t\t\t\t\t<div class=\"elementor-element elementor-element-56689f6 elementor-widget elementor-widget-heading\" data-id=\"56689f6\" data-element_type=\"widget\" data-widget_type=\"heading.default\">\n\t\t\t\t<div class=\"elementor-widget-container\">\n\t\t\t\t\t<h1 class=\"elementor-heading-title elementor-size-default\">CONFIDENTIALIT\u00c9<\/h1>\t\t\t\t<\/div>\n\t\t\t\t<\/div>\n\t\t\t\t\t<\/div>\n\t\t<\/div>\n\t\t\t\t\t<\/div>\n\t\t<\/section>\n\t\t\t\t<section class=\"elementor-section elementor-top-section elementor-element elementor-element-8f6446e elementor-section-boxed elementor-section-height-default elementor-section-height-default\" data-id=\"8f6446e\" data-element_type=\"section\" data-settings=\"{&quot;background_background&quot;:&quot;classic&quot;}\">\n\t\t\t\t\t\t<div class=\"elementor-container elementor-column-gap-no\">\n\t\t\t\t\t<div class=\"elementor-column elementor-col-100 elementor-top-column elementor-element elementor-element-7669b2a\" data-id=\"7669b2a\" data-element_type=\"column\">\n\t\t\t<div class=\"elementor-widget-wrap elementor-element-populated\">\n\t\t\t\t\t\t<div class=\"elementor-element elementor-element-d935891 elementor-widget elementor-widget-text-editor\" data-id=\"d935891\" data-element_type=\"widget\" data-widget_type=\"text-editor.default\">\n\t\t\t\t<div class=\"elementor-widget-container\">\n\t\t\t\t\t\t\t\t\t<p><span style=\"font-weight: 400;\">Le pr\u00e9sent site web accessible depuis l\u2019adresse URL www.decopierre-ile-de-france.com, ci apr\u00e8s nomm\u00e9 \u00ab Le Site \u00bb est \u00e9dit\u00e9 par Au temps des pierres, SASU immatricul\u00e9e au Registre du Commerce et des Soci\u00e9t\u00e9s d&rsquo;Evry sous le num\u00e9ro 809 199 458.<\/span><\/p><p><span style=\"font-weight: 400;\">Collecte des donn\u00e9es<\/span><\/p><p><span style=\"font-weight: 400;\">Dans le cadre de l\u2019utilisation du formulaire de contact, la soci\u00e9t\u00e9 Au temps des pierres collecte des donn\u00e9es \u00e0 caract\u00e8re personnel. Le responsable de la collecte est la soci\u00e9t\u00e9 Au temps des pierres.<\/span><\/p><p><span style=\"font-weight: 400;\">La finalit\u00e9 de cette collecte est le traitement de votre demande et le suivi de la relation client\u00e8le. Les donn\u00e9es sont conserv\u00e9es dans nos serveurs s\u00e9curis\u00e9s pendant toute la dur\u00e9e de la relation client\u00e8le et pendant une dur\u00e9e de cinq ans suivant la fin de cette relation. Vous pouvez retirer votre accord quant au traitement et \u00e0 la collecte des donn\u00e9es vous concernant en \u00e9crivant \u00e0 l\u2019adresse suivante : contact.decopierreidf@gmail.com en justifiant de votre identit\u00e9.<\/span><\/p><p><span style=\"font-weight: 400;\">Vous disposez d\u2019un droit d\u2019acc\u00e8s, de rectification, de suppression et de portabilit\u00e9 de vos donn\u00e9es en vous adressant \u00e0 cette m\u00eame adresse et pouvez introduire une r\u00e9clamation aupr\u00e8s de la CNIL si vos droits n\u2019\u00e9taient pas respect\u00e9s.<\/span><\/p><p><span style=\"font-weight: 400;\">Utilisation des donn\u00e9es<\/span><\/p><p><span style=\"font-weight: 400;\">Les informations personnelles pr\u00e9c\u00e9demment cit\u00e9es sont utilis\u00e9es pour les raisons suivantes :<\/span><\/p><ul><li style=\"font-weight: 400;\" aria-level=\"1\"><span style=\"font-weight: 400;\">contact, entre nos utilisateurs et nous ainsi que pour la mise en relation avec les partenaires du r\u00e9seau Au temps des pierres<\/span><\/li><li style=\"font-weight: 400;\" aria-level=\"1\"><span style=\"font-weight: 400;\">am\u00e9lioration du service par le biais du formulaire de satisfaction<\/span><\/li><\/ul><p><span style=\"font-weight: 400;\">Ces donn\u00e9es ne pourront pas \u00eatre utilis\u00e9es pour une autre raison que celles cit\u00e9es pr\u00e9c\u00e9demment et les raisons de la collecte des donn\u00e9es personnelles ne pourront pas \u00e9voluer apr\u00e8s la collecte.<\/span><\/p><p><span style=\"font-weight: 400;\">Utilisation tierce des donn\u00e9es<\/span><\/p><p><span style=\"font-weight: 400;\">Nous partageons vos donn\u00e9es avec des parties tierces qui nous fournissent des services sur notre demande et dans le but de nous aider dans notre activit\u00e9 commerciale. Ces organisations ne sont autoris\u00e9es \u00e0 utiliser vos donn\u00e9es que pour et dans le cadre du service que nous leur commanditons.<\/span><\/p><p><span style=\"font-weight: 400;\">Ces parties tierces sont conformes \u00e0 la norme europ\u00e9enne du R\u00e8glement G\u00e9n\u00e9ral sur la Protection des Donn\u00e9es.<\/span><\/p><p><span style=\"font-weight: 400;\">S\u00e9curit\u00e9<\/span><\/p><p><span style=\"font-weight: 400;\">L\u2019acc\u00e8s aux donn\u00e9es personnelles est restreint \u00e0 nos employ\u00e9s ou partenaires qui en auraient besoin dans le cadre de l\u2019op\u00e9ration, le d\u00e9veloppement ou le suivi de notre service.<\/span><\/p><p><span style=\"font-weight: 400;\">Acc\u00e8s<\/span><\/p><p><span style=\"font-weight: 400;\">Si vous en faites la demande, Au temps des pierres vous informera si nous d\u00e9tenons certaines de vos informations personnelles. Vous serez alors en mesure d\u2019acc\u00e9der, corriger ou de demander la suppression de vos donn\u00e9es personnelles en nous contactant \u00e0 l\u2019adresse contact.decopierreidf@gmail.com. Nous vous r\u00e9pondrons alors selon la nature de votre requ\u00eate dans un d\u00e9lai raisonnable, le temps de proc\u00e9der \u00e0 certaines v\u00e9rifications. Dans certaines circonstances, notamment l\u00e9gales ou pour continuer \u00e0 assurer une certaine qualit\u00e9 de service, nous serons susceptibles de conserver des donn\u00e9es.<\/span><\/p><p><span style=\"font-weight: 400;\">Politique de gestion des cookies<\/span><\/p><p><span style=\"font-weight: 400;\">Lorsque vous visitez le site, vous recevez automatiquement des cookies. Ces derniers nous permettent d\u2019am\u00e9liorer la navigation de nos utilisateurs en r\u00e9coltant des donn\u00e9es statistiques et en analysant leur comportement.<\/span><\/p>\t\t\t\t\t\t\t\t<\/div>\n\t\t\t\t<\/div>\n\t\t\t\t\t<\/div>\n\t\t<\/div>\n\t\t\t\t\t<\/div>\n\t\t<\/section>\n\t\t\t\t<section class=\"elementor-section elementor-top-section elementor-element elementor-element-2c5f8c3 elementor-section-boxed elementor-section-height-default elementor-section-height-default\" data-id=\"2c5f8c3\" data-element_type=\"section\">\n\t\t\t\t\t\t<div class=\"elementor-container elementor-column-gap-default\">\n\t\t\t\t\t<div class=\"elementor-column elementor-col-100 elementor-top-column elementor-element elementor-element-b5097df\" data-id=\"b5097df\" data-element_type=\"column\">\n\t\t\t<div class=\"elementor-widget-wrap elementor-element-populated\">\n\t\t\t\t\t\t<div class=\"elementor-element elementor-element-9440162 elementor-widget elementor-widget-html\" data-id=\"9440162\" data-element_type=\"widget\" data-widget_type=\"html.default\">\n\t\t\t\t<div class=\"elementor-widget-container\">\n\t\t\t\t\t<script src=\"https:\/\/embed.lpcontent.net\/leadboxes\/current\/embed.js\" async defer><\/script>\t\t\t\t<\/div>\n\t\t\t\t<\/div>\n\t\t\t\t\t<\/div>\n\t\t<\/div>\n\t\t\t\t\t<\/div>\n\t\t<\/section>\n\t\t\t\t<\/div>\n\t\t","protected":false},"excerpt":{"rendered":"<p>CONFIDENTIALIT\u00c9 Le pr\u00e9sent site web accessible depuis l\u2019adresse URL www.decopierre-ile-de-france.com, ci apr\u00e8s nomm\u00e9 \u00ab Le Site \u00bb est \u00e9dit\u00e9 par Au temps des pierres, SASU immatricul\u00e9e au Registre du Commerce et des Soci\u00e9t\u00e9s d&rsquo;Evry sous le num\u00e9ro 809 199 458. Collecte des donn\u00e9es Dans le cadre de l\u2019utilisation du formulaire de contact, la soci\u00e9t\u00e9 Au [&hellip;]<\/p>\n","protected":false},"author":1,"featured_media":0,"parent":0,"menu_order":0,"comment_status":"closed","ping_status":"closed","template":"","meta":{"site-sidebar-layout":"no-sidebar","site-content-layout":"page-builder","ast-site-content-layout":"","site-content-style":"default","site-sidebar-style":"default","ast-global-header-display":"","ast-banner-title-visibility":"","ast-main-header-display":"","ast-hfb-above-header-display":"","ast-hfb-below-header-display":"","ast-hfb-mobile-header-display":"","site-post-title":"disabled","ast-breadcrumbs-content":"disabled","ast-featured-img":"disabled","footer-sml-layout":"","theme-transparent-header-meta":"enabled","adv-header-id-meta":"","stick-header-meta":"","header-above-stick-meta":"","header-main-stick-meta":"","header-below-stick-meta":"","astra-migrate-meta-layouts":"default","ast-page-background-enabled":"default","ast-page-background-meta":{"desktop":{"background-color":"var(--ast-global-color-4)","background-image":"","background-repeat":"repeat","background-position":"center center","background-size":"auto","background-attachment":"scroll","background-type":"","background-media":"","overlay-type":"","overlay-color":"","overlay-opacity":"","overlay-gradient":""},"tablet":{"background-color":"","background-image":"","background-repeat":"repeat","background-position":"center center","background-size":"auto","background-attachment":"scroll","background-type":"","background-media":"","overlay-type":"","overlay-color":"","overlay-opacity":"","overlay-gradient":""},"mobile":{"background-color":"","background-image":"","background-repeat":"repeat","background-position":"center center","background-size":"auto","background-attachment":"scroll","background-type":"","background-media":"","overlay-type":"","overlay-color":"","overlay-opacity":"","overlay-gradient":""}},"ast-content-background-meta":{"desktop":{"background-color":"var(--ast-global-color-5)","background-image":"","background-repeat":"repeat","background-position":"center center","background-size":"auto","background-attachment":"scroll","background-type":"","background-media":"","overlay-type":"","overlay-color":"","overlay-opacity":"","overlay-gradient":""},"tablet":{"background-color":"var(--ast-global-color-5)","background-image":"","background-repeat":"repeat","background-position":"center center","background-size":"auto","background-attachment":"scroll","background-type":"","background-media":"","overlay-type":"","overlay-color":"","overlay-opacity":"","overlay-gradient":""},"mobile":{"background-color":"var(--ast-global-color-5)","background-image":"","background-repeat":"repeat","background-position":"center center","background-size":"auto","background-attachment":"scroll","background-type":"","background-media":"","overlay-type":"","overlay-color":"","overlay-opacity":"","overlay-gradient":""}},"footnotes":""},"class_list":["post-1381","page","type-page","status-publish","hentry"],"yoast_head":"<!-- This site is optimized with the Yoast SEO plugin v24.8.1 - https:\/\/yoast.com\/wordpress\/plugins\/seo\/ -->\n<title>Politique de confidentialit\u00e9 - Decopierre Ile de France<\/title>\n<meta name=\"robots\" content=\"index, follow, max-snippet:-1, max-image-preview:large, max-video-preview:-1\" \/>\n<link rel=\"canonical\" href=\"https:\/\/decopierre-ile-de-france.com\/index.php\/politique-de-confidentialite\/\" \/>\n<meta property=\"og:locale\" content=\"fr_FR\" \/>\n<meta property=\"og:type\" content=\"article\" \/>\n<meta property=\"og:title\" content=\"Politique de confidentialit\u00e9 - Decopierre Ile de France\" \/>\n<meta property=\"og:description\" content=\"CONFIDENTIALIT\u00c9 Le pr\u00e9sent site web accessible depuis l\u2019adresse URL www.decopierre-ile-de-france.com, ci apr\u00e8s nomm\u00e9 \u00ab Le Site \u00bb est \u00e9dit\u00e9 par Au temps des pierres, SASU immatricul\u00e9e au Registre du Commerce et des Soci\u00e9t\u00e9s d&rsquo;Evry sous le num\u00e9ro 809 199 458. Collecte des donn\u00e9es Dans le cadre de l\u2019utilisation du formulaire de contact, la soci\u00e9t\u00e9 Au [&hellip;]\" \/>\n<meta property=\"og:url\" content=\"https:\/\/decopierre-ile-de-france.com\/index.php\/politique-de-confidentialite\/\" \/>\n<meta property=\"og:site_name\" content=\"Decopierre Ile de France\" \/>\n<meta property=\"article:modified_time\" content=\"2023-09-04T16:55:09+00:00\" \/>\n<meta name=\"twitter:card\" content=\"summary_large_image\" \/>\n<meta name=\"twitter:label1\" content=\"Dur\u00e9e de lecture estim\u00e9e\" \/>\n\t<meta name=\"twitter:data1\" content=\"3 minutes\" \/>\n<script type=\"application\/ld+json\" class=\"yoast-schema-graph\">{\"@context\":\"https:\/\/schema.org\",\"@graph\":[{\"@type\":\"WebPage\",\"@id\":\"https:\/\/decopierre-ile-de-france.com\/index.php\/politique-de-confidentialite\/\",\"url\":\"https:\/\/decopierre-ile-de-france.com\/index.php\/politique-de-confidentialite\/\",\"name\":\"Politique de confidentialit\u00e9 - Decopierre Ile de France\",\"isPartOf\":{\"@id\":\"https:\/\/decopierre-ile-de-france.com\/#website\"},\"datePublished\":\"2023-06-27T11:57:22+00:00\",\"dateModified\":\"2023-09-04T16:55:09+00:00\",\"breadcrumb\":{\"@id\":\"https:\/\/decopierre-ile-de-france.com\/index.php\/politique-de-confidentialite\/#breadcrumb\"},\"inLanguage\":\"fr-FR\",\"potentialAction\":[{\"@type\":\"ReadAction\",\"target\":[\"https:\/\/decopierre-ile-de-france.com\/index.php\/politique-de-confidentialite\/\"]}]},{\"@type\":\"BreadcrumbList\",\"@id\":\"https:\/\/decopierre-ile-de-france.com\/index.php\/politique-de-confidentialite\/#breadcrumb\",\"itemListElement\":[{\"@type\":\"ListItem\",\"position\":1,\"name\":\"Accueil\",\"item\":\"https:\/\/decopierre-ile-de-france.com\/\"},{\"@type\":\"ListItem\",\"position\":2,\"name\":\"Politique de confidentialit\u00e9\"}]},{\"@type\":\"WebSite\",\"@id\":\"https:\/\/decopierre-ile-de-france.com\/#website\",\"url\":\"https:\/\/decopierre-ile-de-france.com\/\",\"name\":\"Decopierre Ile de France\",\"description\":\"\",\"publisher\":{\"@id\":\"https:\/\/decopierre-ile-de-france.com\/#organization\"},\"potentialAction\":[{\"@type\":\"SearchAction\",\"target\":{\"@type\":\"EntryPoint\",\"urlTemplate\":\"https:\/\/decopierre-ile-de-france.com\/?s={search_term_string}\"},\"query-input\":{\"@type\":\"PropertyValueSpecification\",\"valueRequired\":true,\"valueName\":\"search_term_string\"}}],\"inLanguage\":\"fr-FR\"},{\"@type\":\"Organization\",\"@id\":\"https:\/\/decopierre-ile-de-france.com\/#organization\",\"name\":\"Decopierre Ile de France\",\"url\":\"https:\/\/decopierre-ile-de-france.com\/\",\"logo\":{\"@type\":\"ImageObject\",\"inLanguage\":\"fr-FR\",\"@id\":\"https:\/\/decopierre-ile-de-france.com\/#\/schema\/logo\/image\/\",\"url\":\"https:\/\/decopierre-ile-de-france.com\/wp-content\/uploads\/2023\/06\/cropped-Logo-2-au-temps-des-pierres-1.png\",\"contentUrl\":\"https:\/\/decopierre-ile-de-france.com\/wp-content\/uploads\/2023\/06\/cropped-Logo-2-au-temps-des-pierres-1.png\",\"width\":304,\"height\":63,\"caption\":\"Decopierre Ile de France\"},\"image\":{\"@id\":\"https:\/\/decopierre-ile-de-france.com\/#\/schema\/logo\/image\/\"}}]}<\/script>\n<!-- \/ Yoast SEO plugin. -->","yoast_head_json":{"title":"Politique de confidentialit\u00e9 - Decopierre Ile de France","robots":{"index":"index","follow":"follow","max-snippet":"max-snippet:-1","max-image-preview":"max-image-preview:large","max-video-preview":"max-video-preview:-1"},"canonical":"https:\/\/decopierre-ile-de-france.com\/index.php\/politique-de-confidentialite\/","og_locale":"fr_FR","og_type":"article","og_title":"Politique de confidentialit\u00e9 - Decopierre Ile de France","og_description":"CONFIDENTIALIT\u00c9 Le pr\u00e9sent site web accessible depuis l\u2019adresse URL www.decopierre-ile-de-france.com, ci apr\u00e8s nomm\u00e9 \u00ab Le Site \u00bb est \u00e9dit\u00e9 par Au temps des pierres, SASU immatricul\u00e9e au Registre du Commerce et des Soci\u00e9t\u00e9s d&rsquo;Evry sous le num\u00e9ro 809 199 458. Collecte des donn\u00e9es Dans le cadre de l\u2019utilisation du formulaire de contact, la soci\u00e9t\u00e9 Au [&hellip;]","og_url":"https:\/\/decopierre-ile-de-france.com\/index.php\/politique-de-confidentialite\/","og_site_name":"Decopierre Ile de France","article_modified_time":"2023-09-04T16:55:09+00:00","twitter_card":"summary_large_image","twitter_misc":{"Dur\u00e9e de lecture estim\u00e9e":"3 minutes"},"schema":{"@context":"https:\/\/schema.org","@graph":[{"@type":"WebPage","@id":"https:\/\/decopierre-ile-de-france.com\/index.php\/politique-de-confidentialite\/","url":"https:\/\/decopierre-ile-de-france.com\/index.php\/politique-de-confidentialite\/","name":"Politique de confidentialit\u00e9 - Decopierre Ile de France","isPartOf":{"@id":"https:\/\/decopierre-ile-de-france.com\/#website"},"datePublished":"2023-06-27T11:57:22+00:00","dateModified":"2023-09-04T16:55:09+00:00","breadcrumb":{"@id":"https:\/\/decopierre-ile-de-france.com\/index.php\/politique-de-confidentialite\/#breadcrumb"},"inLanguage":"fr-FR","potentialAction":[{"@type":"ReadAction","target":["https:\/\/decopierre-ile-de-france.com\/index.php\/politique-de-confidentialite\/"]}]},{"@type":"BreadcrumbList","@id":"https:\/\/decopierre-ile-de-france.com\/index.php\/politique-de-confidentialite\/#breadcrumb","itemListElement":[{"@type":"ListItem","position":1,"name":"Accueil","item":"https:\/\/decopierre-ile-de-france.com\/"},{"@type":"ListItem","position":2,"name":"Politique de confidentialit\u00e9"}]},{"@type":"WebSite","@id":"https:\/\/decopierre-ile-de-france.com\/#website","url":"https:\/\/decopierre-ile-de-france.com\/","name":"Decopierre Ile de France","description":"","publisher":{"@id":"https:\/\/decopierre-ile-de-france.com\/#organization"},"potentialAction":[{"@type":"SearchAction","target":{"@type":"EntryPoint","urlTemplate":"https:\/\/decopierre-ile-de-france.com\/?s={search_term_string}"},"query-input":{"@type":"PropertyValueSpecification","valueRequired":true,"valueName":"search_term_string"}}],"inLanguage":"fr-FR"},{"@type":"Organization","@id":"https:\/\/decopierre-ile-de-france.com\/#organization","name":"Decopierre Ile de France","url":"https:\/\/decopierre-ile-de-france.com\/","logo":{"@type":"ImageObject","inLanguage":"fr-FR","@id":"https:\/\/decopierre-ile-de-france.com\/#\/schema\/logo\/image\/","url":"https:\/\/decopierre-ile-de-france.com\/wp-content\/uploads\/2023\/06\/cropped-Logo-2-au-temps-des-pierres-1.png","contentUrl":"https:\/\/decopierre-ile-de-france.com\/wp-content\/uploads\/2023\/06\/cropped-Logo-2-au-temps-des-pierres-1.png","width":304,"height":63,"caption":"Decopierre Ile de France"},"image":{"@id":"https:\/\/decopierre-ile-de-france.com\/#\/schema\/logo\/image\/"}}]}},"_links":{"self":[{"href":"https:\/\/decopierre-ile-de-france.com\/index.php\/wp-json\/wp\/v2\/pages\/1381","targetHints":{"allow":["GET"]}}],"collection":[{"href":"https:\/\/decopierre-ile-de-france.com\/index.php\/wp-json\/wp\/v2\/pages"}],"about":[{"href":"https:\/\/decopierre-ile-de-france.com\/index.php\/wp-json\/wp\/v2\/types\/page"}],"author":[{"embeddable":true,"href":"https:\/\/decopierre-ile-de-france.com\/index.php\/wp-json\/wp\/v2\/users\/1"}],"replies":[{"embeddable":true,"href":"https:\/\/decopierre-ile-de-france.com\/index.php\/wp-json\/wp\/v2\/comments?post=1381"}],"version-history":[{"count":6,"href":"https:\/\/decopierre-ile-de-france.com\/index.php\/wp-json\/wp\/v2\/pages\/1381\/revisions"}],"predecessor-version":[{"id":1801,"href":"https:\/\/decopierre-ile-de-france.com\/index.php\/wp-json\/wp\/v2\/pages\/1381\/revisions\/1801"}],"wp:attachment":[{"href":"https:\/\/decopierre-ile-de-france.com\/index.php\/wp-json\/wp\/v2\/media?parent=1381"}],"curies":[{"name":"wp","href":"https:\/\/api.w.org\/{rel}","templated":true}]}}